{"id":16379,"date":"2025-03-25T11:18:30","date_gmt":"2025-03-25T10:18:30","guid":{"rendered":"https:\/\/muzeum.brodnica.pl\/?page_id=16379"},"modified":"2025-03-25T11:29:48","modified_gmt":"2025-03-25T10:29:48","slug":"mapa-strony","status":"publish","type":"page","link":"https:\/\/www.brodnica.pl\/muzeumwbrodnicy\/mapa-strony\/","title":{"rendered":"Mapa strony"},"content":{"rendered":"\t\t<div data-elementor-type=\"wp-page\" data-elementor-id=\"16379\" class=\"elementor elementor-16379\" data-elementor-post-type=\"page\">\n\t\t\t\t<div class=\"elementor-element elementor-element-aa168b7 e-flex e-con-boxed e-con e-parent\" data-id=\"aa168b7\" data-element_type=\"container\" data-e-type=\"container\">\n\t\t\t\t\t<div class=\"e-con-inner\">\n\t\t\t\t<div class=\"elementor-element elementor-element-327fc9c elementor-widget elementor-widget-sitemap\" data-id=\"327fc9c\" data-element_type=\"widget\" data-e-type=\"widget\" data-widget_type=\"sitemap.default\">\n\t\t\t\t\t<div class=\"elementor-sitemap-wrap\"><div class=\"elementor-sitemap-section\"><h3 class=\"elementor-sitemap-title elementor-sitemap-page-title\">Strony<\/h3><ul class=\"elementor-sitemap-list elementor-sitemap-page-list\"><li class=\"elementor-sitemap-item elementor-sitemap-item-page page_item page-item-15517\"><a href=\"https:\/\/www.brodnica.pl\/muzeumwbrodnicy\/spichlerz-2\/\">Spichlerz<\/a><\/li><li class=\"elementor-sitemap-item elementor-sitemap-item-page page_item page-item-15511\"><a href=\"https:\/\/www.brodnica.pl\/muzeumwbrodnicy\/brama-chelminska\/\">Brama Che\u0142mi\u0144ska<\/a><\/li><li class=\"elementor-sitemap-item elementor-sitemap-item-page page_item page-item-15478\"><a href=\"https:\/\/www.brodnica.pl\/muzeumwbrodnicy\/zamek\/\">Zamek<\/a><\/li><li class=\"elementor-sitemap-item elementor-sitemap-item-page page_item page-item-15136\"><a href=\"https:\/\/www.brodnica.pl\/muzeumwbrodnicy\/klauzula-informacyjna-o-przetwarzaniu-danych-osobowych\/\">Klauzula informacyjna o przetwarzaniu danych osobowych<\/a><\/li><li class=\"elementor-sitemap-item elementor-sitemap-item-page page_item page-item-6687\"><a href=\"https:\/\/www.brodnica.pl\/muzeumwbrodnicy\/utworzenie-sciezki-edukacyjnej-na-zamku\/\">Utworzenie \u015bcie\u017cki edukacyjnej na Zamku Krzy\u017cackim w Brodnicy oraz jego cyfrowej rekonstrukcji &#8211; dofinansowanie z KPO<\/a><\/li><li class=\"elementor-sitemap-item elementor-sitemap-item-page page_item page-item-6658\"><a href=\"https:\/\/www.brodnica.pl\/muzeumwbrodnicy\/utworzenie-sciezki-edukacyjnej-na-zamku\/przyroda-na-zamku\/\">Przyroda na Zamku Krzy\u017cackim w Brodnicy<\/a><\/li><li class=\"elementor-sitemap-item elementor-sitemap-item-page page_item page-item-6656\"><a href=\"https:\/\/www.brodnica.pl\/muzeumwbrodnicy\/utworzenie-sciezki-edukacyjnej-na-zamku\/historia-badan-zamku-krzyzackiego-w-brodnicy\/\">Historia bada\u0144 Zamku Krzy\u017cackiego w Brodnicy<\/a><\/li><li class=\"elementor-sitemap-item elementor-sitemap-item-page page_item page-item-6654\"><a href=\"https:\/\/www.brodnica.pl\/muzeumwbrodnicy\/utworzenie-sciezki-edukacyjnej-na-zamku\/architektura-zamku\/\">Architektura Zamku Krzy\u017cackiego w Brodnicy<\/a><\/li><li class=\"elementor-sitemap-item elementor-sitemap-item-page page_item page-item-6652\"><a href=\"https:\/\/www.brodnica.pl\/muzeumwbrodnicy\/utworzenie-sciezki-edukacyjnej-na-zamku\/wieza-glowna-zamku\/\">Wie\u017ca g\u0142\u00f3wna Zamku Krzy\u017cackiego w Brodnicy<\/a><\/li><li class=\"elementor-sitemap-item elementor-sitemap-item-page page_item page-item-6650\"><a href=\"https:\/\/www.brodnica.pl\/muzeumwbrodnicy\/utworzenie-sciezki-edukacyjnej-na-zamku\/zamek-krzyzacki-w-brodnicy\/\">Zamek Krzy\u017cacki w Brodnicy<\/a><\/li><li class=\"elementor-sitemap-item elementor-sitemap-item-page page_item page-item-6240\"><a href=\"https:\/\/www.brodnica.pl\/muzeumwbrodnicy\/ochrona-maloletnich\/\">Standardy ochrony ma\u0142oletnich w Muzeum w Brodnicy<\/a><\/li><li class=\"elementor-sitemap-item elementor-sitemap-item-page page_item page-item-3706\"><a href=\"https:\/\/www.brodnica.pl\/muzeumwbrodnicy\/kontakt\/\">Kontakt<\/a><\/li><li class=\"elementor-sitemap-item elementor-sitemap-item-page page_item page-item-3161\"><a href=\"https:\/\/www.brodnica.pl\/muzeumwbrodnicy\/dostepnosc\/\">Deklaracja dost\u0119pno\u015bci<\/a><\/li><li class=\"elementor-sitemap-item elementor-sitemap-item-page page_item page-item-464\"><a href=\"https:\/\/www.brodnica.pl\/muzeumwbrodnicy\/lmprezy-plenerowe-koncerty\/\">Imprezy plenerowe i koncerty<\/a><\/li><li class=\"elementor-sitemap-item elementor-sitemap-item-page page_item page-item-462\"><a href=\"https:\/\/www.brodnica.pl\/muzeumwbrodnicy\/wystawy\/\">Wystawy<\/a><\/li><li class=\"elementor-sitemap-item elementor-sitemap-item-page page_item page-item-305\"><a href=\"https:\/\/www.brodnica.pl\/muzeumwbrodnicy\/projekty-ue\/\">Projekty dofinansowane<\/a><\/li><li class=\"elementor-sitemap-item elementor-sitemap-item-page page_item page-item-296\"><a href=\"https:\/\/www.brodnica.pl\/muzeumwbrodnicy\/projekty-ue\/przygoda-z-kultura\/\">&#8220;PRZYGODA Z KULTUR\u0104 &#8211; animowanie lokalnej spo\u0142eczno\u015bci w sferze dzia\u0142a\u0144  edukacyjno-kulturalnych&#8221;<\/a><\/li><li class=\"elementor-sitemap-item elementor-sitemap-item-page page_item page-item-115\"><a href=\"https:\/\/www.brodnica.pl\/muzeumwbrodnicy\/apolonia-zaluska-stromberg\/\">APOLONIA ZA\u0141USKA-STR\u00d6MBERG<\/a><\/li><li class=\"elementor-sitemap-item elementor-sitemap-item-page page_item page-item-105\"><a href=\"https:\/\/www.brodnica.pl\/muzeumwbrodnicy\/cennik\/\">Cennik<\/a><\/li><li class=\"elementor-sitemap-item elementor-sitemap-item-page page_item page-item-33\"><a href=\"https:\/\/www.brodnica.pl\/muzeumwbrodnicy\/o-muzeum\/\">Muzeum<\/a><\/li><li class=\"elementor-sitemap-item elementor-sitemap-item-page page_item page-item-3\"><a href=\"https:\/\/www.brodnica.pl\/muzeumwbrodnicy\/pliki-cookie\/\">Pliki cookie<\/a><\/li><\/ul><\/div><div class=\"elementor-sitemap-section\"><h3 class=\"elementor-sitemap-title elementor-sitemap-category-title\">Kategorie<\/h3><ul class=\"elementor-sitemap-list elementor-sitemap-category-list\">\t<li class=\"elementor-sitemap-item elementor-sitemap-item-category cat-item cat-item-2\"><a href=\"https:\/\/www.brodnica.pl\/muzeumwbrodnicy\/category\/zamek\/\">ZAMEK<\/a>\n<\/li>\n\t<li class=\"elementor-sitemap-item elementor-sitemap-item-category cat-item cat-item-5\"><a href=\"https:\/\/www.brodnica.pl\/muzeumwbrodnicy\/category\/wystawy\/\">WYSTAWY<\/a>\n<\/li>\n\t<li class=\"elementor-sitemap-item elementor-sitemap-item-category cat-item cat-item-4\"><a href=\"https:\/\/www.brodnica.pl\/muzeumwbrodnicy\/category\/spichlerz\/\">SPICHLERZ<\/a>\n<\/li>\n\t<li class=\"elementor-sitemap-item elementor-sitemap-item-category cat-item cat-item-20\"><a href=\"https:\/\/www.brodnica.pl\/muzeumwbrodnicy\/category\/projekty-ue-i-ngo\/\">PROJEKTY UE i NGO<\/a>\n<\/li>\n\t<li class=\"elementor-sitemap-item elementor-sitemap-item-category cat-item cat-item-18\"><a href=\"https:\/\/www.brodnica.pl\/muzeumwbrodnicy\/category\/plany-i-projekty-dzialan\/\">PLANY I PROJEKTY DZIA\u0141A\u0143<\/a>\n<\/li>\n\t<li class=\"elementor-sitemap-item elementor-sitemap-item-category cat-item cat-item-3\"><a href=\"https:\/\/www.brodnica.pl\/muzeumwbrodnicy\/category\/brama\/\">BRAMA CHE\u0141MI\u0143SKA<\/a>\n<\/li>\n\t<li class=\"elementor-sitemap-item elementor-sitemap-item-category cat-item cat-item-25\"><a href=\"https:\/\/www.brodnica.pl\/muzeumwbrodnicy\/category\/arch\/\">ARCHIWUM<\/a>\n<ul class='children'>\n\t<li class=\"elementor-sitemap-item elementor-sitemap-item-category cat-item cat-item-22\"><a href=\"https:\/\/www.brodnica.pl\/muzeumwbrodnicy\/category\/arch\/wys-arch\/\">WYSTAWY<\/a>\n<\/li>\n\t<li class=\"elementor-sitemap-item elementor-sitemap-item-category cat-item cat-item-23\"><a href=\"https:\/\/www.brodnica.pl\/muzeumwbrodnicy\/category\/arch\/impr-arch\/\">IMPREZY PLENEROWE I KONCERTY<\/a>\n<\/li>\n<\/ul>\n<\/li>\n\t<li class=\"elementor-sitemap-item elementor-sitemap-item-category cat-item cat-item-13\"><a href=\"https:\/\/www.brodnica.pl\/muzeumwbrodnicy\/category\/aktualnosci\/\">AKTUALNO\u015aCI<\/a>\n<\/li>\n<\/ul><\/div><\/div>\t\t\t\t<\/div>\n\t\t\t\t\t<\/div>\n\t\t\t\t<\/div>\n\t\t\t\t<\/div>\n\t\t","protected":false},"excerpt":{"rendered":"","protected":false},"author":1,"featured_media":0,"parent":0,"menu_order":0,"comment_status":"closed","ping_status":"closed","template":"","meta":{"footnotes":""},"class_list":["post-16379","page","type-page","status-publish","hentry"],"jetpack_sharing_enabled":true,"_links":{"self":[{"href":"https:\/\/www.brodnica.pl\/muzeumwbrodnicy\/wp-json\/wp\/v2\/pages\/16379","targetHints":{"allow":["GET"]}}],"collection":[{"href":"https:\/\/www.brodnica.pl\/muzeumwbrodnicy\/wp-json\/wp\/v2\/pages"}],"about":[{"href":"https:\/\/www.brodnica.pl\/muzeumwbrodnicy\/wp-json\/wp\/v2\/types\/page"}],"author":[{"embeddable":true,"href":"https:\/\/www.brodnica.pl\/muzeumwbrodnicy\/wp-json\/wp\/v2\/users\/1"}],"replies":[{"embeddable":true,"href":"https:\/\/www.brodnica.pl\/muzeumwbrodnicy\/wp-json\/wp\/v2\/comments?post=16379"}],"version-history":[{"count":16,"href":"https:\/\/www.brodnica.pl\/muzeumwbrodnicy\/wp-json\/wp\/v2\/pages\/16379\/revisions"}],"predecessor-version":[{"id":16400,"href":"https:\/\/www.brodnica.pl\/muzeumwbrodnicy\/wp-json\/wp\/v2\/pages\/16379\/revisions\/16400"}],"wp:attachment":[{"href":"https:\/\/www.brodnica.pl\/muzeumwbrodnicy\/wp-json\/wp\/v2\/media?parent=16379"}],"curies":[{"name":"wp","href":"https:\/\/api.w.org\/{rel}","templated":true}]}}