{"id":462,"date":"2019-04-10T20:11:59","date_gmt":"2019-04-10T18:11:59","guid":{"rendered":"http:\/\/portal.muzeum.brodnica.pl\/?page_id=462"},"modified":"2025-03-20T07:14:18","modified_gmt":"2025-03-20T06:14:18","slug":"wystawy","status":"publish","type":"page","link":"https:\/\/www.brodnica.pl\/muzeumwbrodnicy\/wystawy\/","title":{"rendered":"Wystawy"},"content":{"rendered":"\t\t<div data-elementor-type=\"wp-page\" data-elementor-id=\"462\" class=\"elementor elementor-462\" data-elementor-post-type=\"page\">\n\t\t\t\t<section class=\"elementor-element elementor-element-dae32bb e-con-full e-flex e-con e-parent\" data-id=\"dae32bb\" data-element_type=\"container\" data-e-type=\"container\" id=\"content\">\n\t\t\t\t<div class=\"elementor-element elementor-element-7825f6b elementor-grid-3 elementor-grid-tablet-2 elementor-grid-mobile-1 elementor-posts--thumbnail-top elementor-card-shadow-yes elementor-posts__hover-gradient elementor-widget elementor-widget-posts\" data-id=\"7825f6b\" data-element_type=\"widget\" data-e-type=\"widget\" data-settings=\"{&quot;cards_row_gap&quot;:{&quot;unit&quot;:&quot;px&quot;,&quot;size&quot;:20,&quot;sizes&quot;:[]},&quot;pagination_type&quot;:&quot;numbers_and_prev_next&quot;,&quot;cards_columns&quot;:&quot;3&quot;,&quot;cards_columns_tablet&quot;:&quot;2&quot;,&quot;cards_columns_mobile&quot;:&quot;1&quot;,&quot;cards_row_gap_tablet&quot;:{&quot;unit&quot;:&quot;px&quot;,&quot;size&quot;:&quot;&quot;,&quot;sizes&quot;:[]},&quot;cards_row_gap_mobile&quot;:{&quot;unit&quot;:&quot;px&quot;,&quot;size&quot;:&quot;&quot;,&quot;sizes&quot;:[]}}\" data-widget_type=\"posts.cards\">\n\t\t\t\t<div class=\"elementor-widget-container\">\n\t\t\t\t\t\t\t<div class=\"elementor-posts-container elementor-posts elementor-posts--skin-cards elementor-grid\" role=\"list\">\n\t\t\t\t<article class=\"elementor-post elementor-grid-item post-16601 post type-post status-publish format-standard hentry category-aktualnosci category-arch category-brama category-wystawy category-wys-arch category-zamek\" role=\"listitem\">\n\t\t\t<div class=\"elementor-post__card\">\n\t\t\t\t<div class=\"elementor-post__text\">\n\t\t\t\t<h2 class=\"elementor-post__title\">\n\t\t\t<a href=\"https:\/\/www.brodnica.pl\/muzeumwbrodnicy\/2026\/05\/16601\/\" >\n\t\t\t\tARCHEOLOGICZNE ODKRYCIA MUZEUM W BRODNICY &#8211; OTWARCIE WYSTAW\t\t\t<\/a>\n\t\t<\/h2>\n\t\t\t\t<div class=\"elementor-post__excerpt\">\n\t\t\t<p>15 maja 2016, Burmistrz Brodnicy Jaros\u0142aw Radacz oraz Dyrektor Muzeum w Brodnicy Bartosz Markuszewski zapraszaj\u0105 na otwarcie dw\u00f3ch wyj\u0105tkowych wystaw<\/p>\n\t\t<\/div>\n\t\t\t\t\t<div class=\"elementor-post__read-more-wrapper\">\n\t\t\n\t\t<a class=\"elementor-post__read-more\" href=\"https:\/\/www.brodnica.pl\/muzeumwbrodnicy\/2026\/05\/16601\/\" aria-label=\"Read more about ARCHEOLOGICZNE ODKRYCIA MUZEUM W BRODNICY &#8211; OTWARCIE WYSTAW\" tabindex=\"-1\" >\n\t\t\tCzytaj wi\u0119cej \u00bb\t\t<\/a>\n\n\t\t\t\t\t<\/div>\n\t\t\t\t<\/div>\n\t\t\t\t<div class=\"elementor-post__meta-data\">\n\t\t\t\t\t<span class=\"elementor-post-author\">\n\t\t\tAdmin\t\t<\/span>\n\t\t\t\t<span class=\"elementor-post-date\">\n\t\t\t07-05-2026\t\t<\/span>\n\t\t\t\t<\/div>\n\t\t\t\t\t<\/div>\n\t\t<\/article>\n\t\t\t\t<article class=\"elementor-post elementor-grid-item post-16545 post type-post status-publish format-standard has-post-thumbnail hentry category-aktualnosci category-brama category-wys-arch category-wystawy\" role=\"listitem\">\n\t\t\t<div class=\"elementor-post__card\">\n\t\t\t\t<a class=\"elementor-post__thumbnail__link\" href=\"https:\/\/www.brodnica.pl\/muzeumwbrodnicy\/2026\/03\/16545\/\" tabindex=\"-1\" ><div class=\"elementor-post__thumbnail\"><img fetchpriority=\"high\" decoding=\"async\" width=\"453\" height=\"640\" src=\"https:\/\/www.brodnica.pl\/muzeumwbrodnicy\/wp-content\/uploads\/2026\/03\/ZPAMiG_plak_2026-453x640.jpg\" class=\"attachment-medium size-medium wp-image-16551\" alt=\"\" srcset=\"https:\/\/www.brodnica.pl\/muzeumwbrodnicy\/wp-content\/uploads\/2026\/03\/ZPAMiG_plak_2026-453x640.jpg 453w, https:\/\/www.brodnica.pl\/muzeumwbrodnicy\/wp-content\/uploads\/2026\/03\/ZPAMiG_plak_2026-1132x1600.jpg 1132w, https:\/\/www.brodnica.pl\/muzeumwbrodnicy\/wp-content\/uploads\/2026\/03\/ZPAMiG_plak_2026-134x190.jpg 134w, https:\/\/www.brodnica.pl\/muzeumwbrodnicy\/wp-content\/uploads\/2026\/03\/ZPAMiG_plak_2026-768x1086.jpg 768w, https:\/\/www.brodnica.pl\/muzeumwbrodnicy\/wp-content\/uploads\/2026\/03\/ZPAMiG_plak_2026-1087x1536.jpg 1087w, https:\/\/www.brodnica.pl\/muzeumwbrodnicy\/wp-content\/uploads\/2026\/03\/ZPAMiG_plak_2026-1449x2048.jpg 1449w, https:\/\/www.brodnica.pl\/muzeumwbrodnicy\/wp-content\/uploads\/2026\/03\/ZPAMiG_plak_2026-scaled.jpg 1811w\" sizes=\"(max-width: 453px) 100vw, 453px\" \/><\/div><\/a>\n\t\t\t\t<div class=\"elementor-post__text\">\n\t\t\t\t<h2 class=\"elementor-post__title\">\n\t\t\t<a href=\"https:\/\/www.brodnica.pl\/muzeumwbrodnicy\/2026\/03\/16545\/\" >\n\t\t\t\tWERNISA\u017b &#8220;59&#8221; &#8211; WYSTAWA ZBIOROWA ZWI\u0104ZKU POLSKICH ARTYST\u00d3W MALARZY I GRAFIK\u00d3W\t\t\t<\/a>\n\t\t<\/h2>\n\t\t\t\t<div class=\"elementor-post__excerpt\">\n\t\t\t<p>17 KWIETNIA 2026 ROKU BURMISTRZ BRODNICY JAROS\u0141AW RADACZ, DYREKTOR MUZEUM W BRODNICY BARTOSZ MARKUSZEWSKI ORAZ PREZES ZWI\u0104ZKU POLSKICH ARTYST\u00d3W MALARZY<\/p>\n\t\t<\/div>\n\t\t\t\t\t<div class=\"elementor-post__read-more-wrapper\">\n\t\t\n\t\t<a class=\"elementor-post__read-more\" href=\"https:\/\/www.brodnica.pl\/muzeumwbrodnicy\/2026\/03\/16545\/\" aria-label=\"Read more about WERNISA\u017b &#8220;59&#8221; &#8211; WYSTAWA ZBIOROWA ZWI\u0104ZKU POLSKICH ARTYST\u00d3W MALARZY I GRAFIK\u00d3W\" tabindex=\"-1\" >\n\t\t\tCzytaj wi\u0119cej \u00bb\t\t<\/a>\n\n\t\t\t\t\t<\/div>\n\t\t\t\t<\/div>\n\t\t\t\t<div class=\"elementor-post__meta-data\">\n\t\t\t\t\t<span class=\"elementor-post-author\">\n\t\t\tAdmin\t\t<\/span>\n\t\t\t\t<span class=\"elementor-post-date\">\n\t\t\t17-03-2026\t\t<\/span>\n\t\t\t\t<\/div>\n\t\t\t\t\t<\/div>\n\t\t<\/article>\n\t\t\t\t<article class=\"elementor-post elementor-grid-item post-16494 post type-post status-publish format-standard has-post-thumbnail hentry category-aktualnosci category-arch category-brama category-wystawy category-wys-arch category-zamek\" role=\"listitem\">\n\t\t\t<div class=\"elementor-post__card\">\n\t\t\t\t<a class=\"elementor-post__thumbnail__link\" href=\"https:\/\/www.brodnica.pl\/muzeumwbrodnicy\/2026\/01\/wernisaz-artysci-sami-o-sobie-prelekcja-michala-dzimiry\/\" tabindex=\"-1\" ><div class=\"elementor-post__thumbnail\"><img decoding=\"async\" width=\"427\" height=\"640\" src=\"https:\/\/www.brodnica.pl\/muzeumwbrodnicy\/wp-content\/uploads\/2026\/01\/ARTYSCI-SAMI-O-SOBIE_DZIMIRA-427x640.png\" class=\"attachment-medium size-medium wp-image-16499\" alt=\"\" srcset=\"https:\/\/www.brodnica.pl\/muzeumwbrodnicy\/wp-content\/uploads\/2026\/01\/ARTYSCI-SAMI-O-SOBIE_DZIMIRA-427x640.png 427w, https:\/\/www.brodnica.pl\/muzeumwbrodnicy\/wp-content\/uploads\/2026\/01\/ARTYSCI-SAMI-O-SOBIE_DZIMIRA-127x190.png 127w, https:\/\/www.brodnica.pl\/muzeumwbrodnicy\/wp-content\/uploads\/2026\/01\/ARTYSCI-SAMI-O-SOBIE_DZIMIRA-768x1152.png 768w, https:\/\/www.brodnica.pl\/muzeumwbrodnicy\/wp-content\/uploads\/2026\/01\/ARTYSCI-SAMI-O-SOBIE_DZIMIRA.png 1024w\" sizes=\"(max-width: 427px) 100vw, 427px\" \/><\/div><\/a>\n\t\t\t\t<div class=\"elementor-post__text\">\n\t\t\t\t<h2 class=\"elementor-post__title\">\n\t\t\t<a href=\"https:\/\/www.brodnica.pl\/muzeumwbrodnicy\/2026\/01\/wernisaz-artysci-sami-o-sobie-prelekcja-michala-dzimiry\/\" >\n\t\t\t\tWERNISA\u017b \u201cARTY\u015aCI SAMI O SOBIE\u201d\/ PRELEKCJA MICHA\u0141A DZIMIRY\t\t\t<\/a>\n\t\t<\/h2>\n\t\t\t\t<div class=\"elementor-post__excerpt\">\n\t\t\t<p>16 stycznia, o 18.30 BURMISTRZ BRODNICY JAROS\u0141AW RADACZ oraz DYREKTOR MUZEUM W BRODNICY BARTOSZ MARKUSZEWSKI zapraszaj\u0105 na wernisa\u017c wystawy \u201cARTY\u015aCI<\/p>\n\t\t<\/div>\n\t\t\t\t\t<div class=\"elementor-post__read-more-wrapper\">\n\t\t\n\t\t<a class=\"elementor-post__read-more\" href=\"https:\/\/www.brodnica.pl\/muzeumwbrodnicy\/2026\/01\/wernisaz-artysci-sami-o-sobie-prelekcja-michala-dzimiry\/\" aria-label=\"Read more about WERNISA\u017b \u201cARTY\u015aCI SAMI O SOBIE\u201d\/ PRELEKCJA MICHA\u0141A DZIMIRY\" tabindex=\"-1\" >\n\t\t\tCzytaj wi\u0119cej \u00bb\t\t<\/a>\n\n\t\t\t\t\t<\/div>\n\t\t\t\t<\/div>\n\t\t\t\t<div class=\"elementor-post__meta-data\">\n\t\t\t\t\t<span class=\"elementor-post-author\">\n\t\t\tAdmin\t\t<\/span>\n\t\t\t\t<span class=\"elementor-post-date\">\n\t\t\t10-01-2026\t\t<\/span>\n\t\t\t\t<\/div>\n\t\t\t\t\t<\/div>\n\t\t<\/article>\n\t\t\t\t<article class=\"elementor-post elementor-grid-item post-6842 post type-post status-publish format-standard has-post-thumbnail hentry category-aktualnosci category-arch category-brama category-wystawy category-wys-arch\" role=\"listitem\">\n\t\t\t<div class=\"elementor-post__card\">\n\t\t\t\t<a class=\"elementor-post__thumbnail__link\" href=\"https:\/\/www.brodnica.pl\/muzeumwbrodnicy\/2025\/01\/stanislaw-lackowski-wernisaz-na-walentynki\/\" tabindex=\"-1\" ><div class=\"elementor-post__thumbnail\"><img decoding=\"async\" width=\"453\" height=\"640\" src=\"https:\/\/www.brodnica.pl\/muzeumwbrodnicy\/wp-content\/uploads\/2025\/01\/Lackowski_2025-plakat-1-453x640.jpg\" class=\"attachment-medium size-medium wp-image-6843\" alt=\"Plakat promuj\u0105cy wystaw\u0119\" srcset=\"https:\/\/www.brodnica.pl\/muzeumwbrodnicy\/wp-content\/uploads\/2025\/01\/Lackowski_2025-plakat-1-453x640.jpg 453w, https:\/\/www.brodnica.pl\/muzeumwbrodnicy\/wp-content\/uploads\/2025\/01\/Lackowski_2025-plakat-1-1131x1600.jpg 1131w, https:\/\/www.brodnica.pl\/muzeumwbrodnicy\/wp-content\/uploads\/2025\/01\/Lackowski_2025-plakat-1-134x190.jpg 134w, https:\/\/www.brodnica.pl\/muzeumwbrodnicy\/wp-content\/uploads\/2025\/01\/Lackowski_2025-plakat-1-768x1086.jpg 768w, https:\/\/www.brodnica.pl\/muzeumwbrodnicy\/wp-content\/uploads\/2025\/01\/Lackowski_2025-plakat-1-1086x1536.jpg 1086w, https:\/\/www.brodnica.pl\/muzeumwbrodnicy\/wp-content\/uploads\/2025\/01\/Lackowski_2025-plakat-1-1448x2048.jpg 1448w, https:\/\/www.brodnica.pl\/muzeumwbrodnicy\/wp-content\/uploads\/2025\/01\/Lackowski_2025-plakat-1-624x883.jpg 624w, https:\/\/www.brodnica.pl\/muzeumwbrodnicy\/wp-content\/uploads\/2025\/01\/Lackowski_2025-plakat-1-scaled.jpg 1810w\" sizes=\"(max-width: 453px) 100vw, 453px\" \/><\/div><\/a>\n\t\t\t\t<div class=\"elementor-post__text\">\n\t\t\t\t<h2 class=\"elementor-post__title\">\n\t\t\t<a href=\"https:\/\/www.brodnica.pl\/muzeumwbrodnicy\/2025\/01\/stanislaw-lackowski-wernisaz-na-walentynki\/\" >\n\t\t\t\tSTANIS\u0141AW LACKOWSKI &#8211; WERNISA\u017b NA WALENTYNKI\t\t\t<\/a>\n\t\t<\/h2>\n\t\t\t\t<div class=\"elementor-post__excerpt\">\n\t\t\t<p>14 LUTEGO, O 18.00, W WALENTYNKI, BURMISTRZ BRODNICY JAROS\u0141AW RADACZ I DYREKTOR MUZEUM W BRODNICY BARTOSZ MARKUSZEWSKI ZAPRASZAJ\u0104 DO GALERII<\/p>\n\t\t<\/div>\n\t\t\t\t\t<div class=\"elementor-post__read-more-wrapper\">\n\t\t\n\t\t<a class=\"elementor-post__read-more\" href=\"https:\/\/www.brodnica.pl\/muzeumwbrodnicy\/2025\/01\/stanislaw-lackowski-wernisaz-na-walentynki\/\" aria-label=\"Read more about STANIS\u0141AW LACKOWSKI &#8211; WERNISA\u017b NA WALENTYNKI\" tabindex=\"-1\" >\n\t\t\tCzytaj wi\u0119cej \u00bb\t\t<\/a>\n\n\t\t\t\t\t<\/div>\n\t\t\t\t<\/div>\n\t\t\t\t<div class=\"elementor-post__meta-data\">\n\t\t\t\t\t<span class=\"elementor-post-author\">\n\t\t\tAdmin\t\t<\/span>\n\t\t\t\t<span class=\"elementor-post-date\">\n\t\t\t31-01-2025\t\t<\/span>\n\t\t\t\t<\/div>\n\t\t\t\t\t<\/div>\n\t\t<\/article>\n\t\t\t\t<article class=\"elementor-post elementor-grid-item post-6798 post type-post status-publish format-standard has-post-thumbnail hentry category-aktualnosci category-arch category-brama category-impr-arch category-wystawy category-wys-arch\" role=\"listitem\">\n\t\t\t<div class=\"elementor-post__card\">\n\t\t\t\t<a class=\"elementor-post__thumbnail__link\" href=\"https:\/\/www.brodnica.pl\/muzeumwbrodnicy\/2025\/01\/robert-kukla-rezyserzy\/\" tabindex=\"-1\" ><div class=\"elementor-post__thumbnail\"><img loading=\"lazy\" decoding=\"async\" width=\"452\" height=\"640\" src=\"https:\/\/www.brodnica.pl\/muzeumwbrodnicy\/wp-content\/uploads\/2025\/01\/REZYSERZY-PLAKAT-452x640.jpg\" class=\"attachment-medium size-medium wp-image-6803\" alt=\"\" srcset=\"https:\/\/www.brodnica.pl\/muzeumwbrodnicy\/wp-content\/uploads\/2025\/01\/REZYSERZY-PLAKAT-452x640.jpg 452w, https:\/\/www.brodnica.pl\/muzeumwbrodnicy\/wp-content\/uploads\/2025\/01\/REZYSERZY-PLAKAT-1131x1600.jpg 1131w, https:\/\/www.brodnica.pl\/muzeumwbrodnicy\/wp-content\/uploads\/2025\/01\/REZYSERZY-PLAKAT-134x190.jpg 134w, https:\/\/www.brodnica.pl\/muzeumwbrodnicy\/wp-content\/uploads\/2025\/01\/REZYSERZY-PLAKAT-768x1086.jpg 768w, https:\/\/www.brodnica.pl\/muzeumwbrodnicy\/wp-content\/uploads\/2025\/01\/REZYSERZY-PLAKAT-1086x1536.jpg 1086w, https:\/\/www.brodnica.pl\/muzeumwbrodnicy\/wp-content\/uploads\/2025\/01\/REZYSERZY-PLAKAT-1448x2048.jpg 1448w, https:\/\/www.brodnica.pl\/muzeumwbrodnicy\/wp-content\/uploads\/2025\/01\/REZYSERZY-PLAKAT-624x883.jpg 624w, https:\/\/www.brodnica.pl\/muzeumwbrodnicy\/wp-content\/uploads\/2025\/01\/REZYSERZY-PLAKAT.jpg 1754w\" sizes=\"(max-width: 452px) 100vw, 452px\" \/><\/div><\/a>\n\t\t\t\t<div class=\"elementor-post__text\">\n\t\t\t\t<h2 class=\"elementor-post__title\">\n\t\t\t<a href=\"https:\/\/www.brodnica.pl\/muzeumwbrodnicy\/2025\/01\/robert-kukla-rezyserzy\/\" >\n\t\t\t\tROBERT KUKLA &#8211; &#8220;RE\u017bYSERZY&#8221;\t\t\t<\/a>\n\t\t<\/h2>\n\t\t\t\t<div class=\"elementor-post__excerpt\">\n\t\t\t<p>17 stycznia 2025, o godzinie 19.00, Burmistrz Brodnicy Jaros\u0142aw Radacz, Dyrektor Muzeum w Brodnicy Bartosz Markuszewski oraz Jerzy Zegarli\u0144ski z<\/p>\n\t\t<\/div>\n\t\t\t\t\t<div class=\"elementor-post__read-more-wrapper\">\n\t\t\n\t\t<a class=\"elementor-post__read-more\" href=\"https:\/\/www.brodnica.pl\/muzeumwbrodnicy\/2025\/01\/robert-kukla-rezyserzy\/\" aria-label=\"Read more about ROBERT KUKLA &#8211; &#8220;RE\u017bYSERZY&#8221;\" tabindex=\"-1\" >\n\t\t\tCzytaj wi\u0119cej \u00bb\t\t<\/a>\n\n\t\t\t\t\t<\/div>\n\t\t\t\t<\/div>\n\t\t\t\t<div class=\"elementor-post__meta-data\">\n\t\t\t\t\t<span class=\"elementor-post-author\">\n\t\t\tAdmin\t\t<\/span>\n\t\t\t\t<span class=\"elementor-post-date\">\n\t\t\t03-01-2025\t\t<\/span>\n\t\t\t\t<\/div>\n\t\t\t\t\t<\/div>\n\t\t<\/article>\n\t\t\t\t<\/div>\n\t\t\n\t\t\t\t\t\t<\/div>\n\t\t\t\t<\/div>\n\t\t\t\t<\/section>\n\t\t\t\t<\/div>\n\t\t","protected":false},"excerpt":{"rendered":"","protected":false},"author":4,"featured_media":0,"parent":0,"menu_order":0,"comment_status":"closed","ping_status":"closed","template":"","meta":{"footnotes":""},"class_list":["post-462","page","type-page","status-publish","hentry"],"jetpack_sharing_enabled":true,"_links":{"self":[{"href":"https:\/\/www.brodnica.pl\/muzeumwbrodnicy\/wp-json\/wp\/v2\/pages\/462","targetHints":{"allow":["GET"]}}],"collection":[{"href":"https:\/\/www.brodnica.pl\/muzeumwbrodnicy\/wp-json\/wp\/v2\/pages"}],"about":[{"href":"https:\/\/www.brodnica.pl\/muzeumwbrodnicy\/wp-json\/wp\/v2\/types\/page"}],"author":[{"embeddable":true,"href":"https:\/\/www.brodnica.pl\/muzeumwbrodnicy\/wp-json\/wp\/v2\/users\/4"}],"replies":[{"embeddable":true,"href":"https:\/\/www.brodnica.pl\/muzeumwbrodnicy\/wp-json\/wp\/v2\/comments?post=462"}],"version-history":[{"count":0,"href":"https:\/\/www.brodnica.pl\/muzeumwbrodnicy\/wp-json\/wp\/v2\/pages\/462\/revisions"}],"wp:attachment":[{"href":"https:\/\/www.brodnica.pl\/muzeumwbrodnicy\/wp-json\/wp\/v2\/media?parent=462"}],"curies":[{"name":"wp","href":"https:\/\/api.w.org\/{rel}","templated":true}]}}