{"id":6658,"date":"2024-12-05T13:27:47","date_gmt":"2024-12-05T12:27:47","guid":{"rendered":"http:\/\/portal.muzeum.brodnica.pl\/?page_id=6658"},"modified":"2025-03-25T11:25:30","modified_gmt":"2025-03-25T10:25:30","slug":"przyroda-na-zamku","status":"publish","type":"page","link":"https:\/\/www.brodnica.pl\/muzeumwbrodnicy\/utworzenie-sciezki-edukacyjnej-na-zamku\/przyroda-na-zamku\/","title":{"rendered":"Przyroda na Zamku Krzy\u017cackim w Brodnicy"},"content":{"rendered":"\t\t<div data-elementor-type=\"wp-page\" data-elementor-id=\"6658\" class=\"elementor elementor-6658\" data-elementor-post-type=\"page\">\n\t\t\t\t<div class=\"elementor-element elementor-element-66b0a04d e-flex e-con-boxed e-con e-parent\" data-id=\"66b0a04d\" data-element_type=\"container\" data-e-type=\"container\">\n\t\t\t\t\t<div class=\"e-con-inner\">\n\t\t\t\t<div class=\"elementor-element elementor-element-c4c3e8c elementor-widget__width-inherit elementor-widget elementor-widget-image\" data-id=\"c4c3e8c\" data-element_type=\"widget\" data-e-type=\"widget\" data-widget_type=\"image.default\">\n\t\t\t\t\t\t\t\t\t\t\t\t\t\t\t<img fetchpriority=\"high\" decoding=\"async\" width=\"768\" height=\"99\" src=\"https:\/\/www.brodnica.pl\/muzeumwbrodnicy\/wp-content\/uploads\/2024\/12\/KPO_barwy-RP_NextGenerationEU_poziom_zestawienie_podstawowe_-RGB-768x99.jpg\" class=\"attachment-medium_large size-medium_large wp-image-6662\" alt=\"\" srcset=\"https:\/\/www.brodnica.pl\/muzeumwbrodnicy\/wp-content\/uploads\/2024\/12\/KPO_barwy-RP_NextGenerationEU_poziom_zestawienie_podstawowe_-RGB-768x99.jpg 768w, https:\/\/www.brodnica.pl\/muzeumwbrodnicy\/wp-content\/uploads\/2024\/12\/KPO_barwy-RP_NextGenerationEU_poziom_zestawienie_podstawowe_-RGB-640x82.jpg 640w, https:\/\/www.brodnica.pl\/muzeumwbrodnicy\/wp-content\/uploads\/2024\/12\/KPO_barwy-RP_NextGenerationEU_poziom_zestawienie_podstawowe_-RGB-190x24.jpg 190w, https:\/\/www.brodnica.pl\/muzeumwbrodnicy\/wp-content\/uploads\/2024\/12\/KPO_barwy-RP_NextGenerationEU_poziom_zestawienie_podstawowe_-RGB-624x80.jpg 624w, https:\/\/www.brodnica.pl\/muzeumwbrodnicy\/wp-content\/uploads\/2024\/12\/KPO_barwy-RP_NextGenerationEU_poziom_zestawienie_podstawowe_-RGB.jpg 1200w\" sizes=\"(max-width: 768px) 100vw, 768px\" \/>\t\t\t\t\t\t\t\t\t\t\t\t\t\t\t<\/div>\n\t\t<div class=\"elementor-element elementor-element-99134cf e-con-full e-flex e-con e-child\" data-id=\"99134cf\" data-element_type=\"container\" data-e-type=\"container\">\n\t\t\t\t<div class=\"elementor-element elementor-element-4d0a8de elementor-widget__width-initial elementor-widget-tablet__width-inherit elementor-widget elementor-widget-image\" data-id=\"4d0a8de\" data-element_type=\"widget\" data-e-type=\"widget\" data-widget_type=\"image.default\">\n\t\t\t\t\t\t\t\t\t\t\t\t\t\t\t<img decoding=\"async\" width=\"768\" height=\"2365\" src=\"https:\/\/www.brodnica.pl\/muzeumwbrodnicy\/wp-content\/uploads\/2024\/12\/podstr5_2-768x2365.jpg\" class=\"attachment-medium_large size-medium_large wp-image-6721\" alt=\"\" srcset=\"https:\/\/www.brodnica.pl\/muzeumwbrodnicy\/wp-content\/uploads\/2024\/12\/podstr5_2-768x2365.jpg 768w, https:\/\/www.brodnica.pl\/muzeumwbrodnicy\/wp-content\/uploads\/2024\/12\/podstr5_2-208x640.jpg 208w, https:\/\/www.brodnica.pl\/muzeumwbrodnicy\/wp-content\/uploads\/2024\/12\/podstr5_2-520x1600.jpg 520w, https:\/\/www.brodnica.pl\/muzeumwbrodnicy\/wp-content\/uploads\/2024\/12\/podstr5_2-62x190.jpg 62w, https:\/\/www.brodnica.pl\/muzeumwbrodnicy\/wp-content\/uploads\/2024\/12\/podstr5_2-499x1536.jpg 499w, https:\/\/www.brodnica.pl\/muzeumwbrodnicy\/wp-content\/uploads\/2024\/12\/podstr5_2-665x2048.jpg 665w, https:\/\/www.brodnica.pl\/muzeumwbrodnicy\/wp-content\/uploads\/2024\/12\/podstr5_2-624x1921.jpg 624w, https:\/\/www.brodnica.pl\/muzeumwbrodnicy\/wp-content\/uploads\/2024\/12\/podstr5_2-scaled.jpg 831w\" sizes=\"(max-width: 768px) 100vw, 768px\" \/>\t\t\t\t\t\t\t\t\t\t\t\t\t\t\t<\/div>\n\t\t<div class=\"elementor-element elementor-element-51fc170 e-con-full e-flex e-con e-child\" data-id=\"51fc170\" data-element_type=\"container\" data-e-type=\"container\">\n\t\t\t\t<div class=\"elementor-element elementor-element-fa9d725 elementor-widget elementor-widget-text-editor\" data-id=\"fa9d725\" data-element_type=\"widget\" data-e-type=\"widget\" data-widget_type=\"text-editor.default\">\n\t\t\t\t\t\t\t\t\t<p>Pozosta\u0142o\u015bci brodnickiego zamku, pr\u00f3cz bycia niew\u0105tpliw\u0105 atrakcja turystyczn\u0105 i miejscem dzia\u0142alno\u015bci Muzeum, s\u0105 tak\u017ce schronieniem i siedliskiem dla gatunk\u00f3w zwierz\u0105t. Mo\u017cna je zaobserwowa\u0107 podczas spokojnego zwiedzania i tym samym, po\u0142\u0105czy\u0107 zami\u0142owanie do historii z lokaln\u0105 przyrod\u0105. Wbrew pozorom opuszczony przez krzy\u017cak\u00f3w zamek to miejsce t\u0119tni\u0105ce \u017cyciem.<\/p>\n<p>Gatunki zwierz\u0105t, kt\u00f3re przystosowa\u0142y si\u0119 do \u017cycia w \u015brodowisku przekszta\u0142conym przez cz\u0142owieka, zwi\u0105zanym z miejscem jego zamieszkania lub z jego dzia\u0142alno\u015bci\u0105, nazywamy synantropijnymi. Do takich mo\u017cemy zaliczy\u0107 mi\u0119dzy innymi ptaki wykorzystuj\u0105ce wie\u017c\u0119 zamkow\u0105 jako miejsce gniazdowania. Zdolno\u015b\u0107 do dostosowania si\u0119 do \u015brodowiska zmienionego przez cz\u0142owieka, pozwala tym zwierz\u0119tom na przetrwanie w zmieniaj\u0105cym si\u0119 \u015bwiecie. Poza gatunkami ptak\u00f3w zamieszkuj\u0105cymi wie\u017c\u0119, okazjonalnymi go\u015b\u0107mi zamku bywaj\u0105 tak\u017ce korzystaj\u0105ce z okolicznych drzew puszczyki, czy zagl\u0105daj\u0105ce do piwnic zamkowych nietoperze (m.in. mroczek p\u00f3\u017any). W otoczeniu zamku cz\u0119stym widokiem s\u0105 p\u0142ywaj\u0105ce po okalaj\u0105cej go fosie kaczki, g\u0142\u00f3wnie krzy\u017c\u00f3wki. Sama fosa, wraz z pobliskim odcinkiem Drw\u0119cy, pozwala na zaobserwowanie wielu gatunk\u00f3w rodzimej ichtiofauny, cho\u0107by \u017cyj\u0105cych przy dnie mi\u0119tus\u00f3w.<\/p>\t\t\t\t\t\t\t\t<\/div>\n\t\t\t\t<div class=\"elementor-element elementor-element-0e14365 elementor-widget elementor-widget-heading\" data-id=\"0e14365\" data-element_type=\"widget\" data-e-type=\"widget\" data-widget_type=\"heading.default\">\n\t\t\t\t\t<h3 class=\"elementor-heading-title elementor-size-default\">Przyroda na zamku<\/h3>\t\t\t\t<\/div>\n\t\t\t\t<div class=\"elementor-element elementor-element-3f7e484 elementor-widget elementor-widget-text-editor\" data-id=\"3f7e484\" data-element_type=\"widget\" data-e-type=\"widget\" data-widget_type=\"text-editor.default\">\n\t\t\t\t\t\t\t\t\t<p>Gatunki zwierz\u0105t, kt\u00f3re przystosowa\u0142y si\u0119 do \u017cycia w \u015brodowisku przekszta\u0142conym przez cz\u0142owieka, zwi\u0105zanym z miejscem jego zamieszkania lub jego dzia\u0142alno\u015bci\u0105 nazywamy synantropijnymi. Do takich mo\u017cemy zaliczy\u0107 mi\u0119dzy innymi ptaki wykorzystuj\u0105ce wie\u017c\u0119 zamkow\u0105 jako miejsce gniazdowania. Zdolno\u015b\u0107 do dostosowania si\u0119 do \u015brodowiska zmienionego przez cz\u0142owieka pozwala tym zwierz\u0119tom na przetrwanie w zmieniaj\u0105cym si\u0119 \u015bwiecie.<\/p>\t\t\t\t\t\t\t\t<\/div>\n\t\t\t\t<\/div>\n\t\t\t\t<\/div>\n\t\t<div class=\"elementor-element elementor-element-3c4b8c9 e-con-full e-flex e-con e-child\" data-id=\"3c4b8c9\" data-element_type=\"container\" data-e-type=\"container\">\n\t\t<div class=\"elementor-element elementor-element-c8051f0 e-con-full e-flex e-con e-child\" data-id=\"c8051f0\" data-element_type=\"container\" data-e-type=\"container\">\n\t\t\t\t<div class=\"elementor-element elementor-element-b9a6c40 elementor-widget elementor-widget-text-editor\" data-id=\"b9a6c40\" data-element_type=\"widget\" data-e-type=\"widget\" data-widget_type=\"text-editor.default\">\n\t\t\t\t\t\t\t\t\t<p>Sezonowo w okresie wiosennym (maj-czerwiec) mo\u017cna tak\u017ce zaobserwowa\u0107, na wie\u017cy czy murach zamkowych, roj\u0105ce si\u0119 pszczo\u0142y. R\u00f3jka u pszcz\u00f3\u0142 (rojenie) polega na podziale rodziny pszczelej. Je\u015bli w dotychczas zamieszkiwanym ulu, kr\u00f3lowej zabraknie miejsca na z\u0142o\u017cenie jaj i zrobi si\u0119 zbyt t\u0142oczno, a w mi\u0119dzyczasie pojawi\u0142o si\u0119 nowe pokolenie matek, w\u00f3wczas kr\u00f3lowa odejdzie z po\u0142ow\u0105 kolonii, by za\u0142o\u017cy\u0107 now\u0105 w innym miejscu. R\u00f3j opuszcza ul w wiruj\u0105cej chmurze pszcz\u00f3\u0142 i l\u0105duje w formie k\u0142\u0119bu skupionego wok\u00f3\u0142 matki na pobliskim drzewie, gdzie odpoczywa. Czasem na miejsce takiego odpoczynku zamiast konaru drzewa wybierana jest w\u0142a\u015bnie wie\u017ca zamkowa czy pozosta\u0142o\u015bci mur\u00f3w. Pszczo\u0142y pozostaj\u0105 tam przez jaki\u015b czas, ale nie jest to dla nich miejsce docelowe. R\u00f3j po znalezieniu przez pszczo\u0142y wywiadowczynie odpowiedniego miejsca na osiedlenie (dziupli, pustego ula itp.) przenosi si\u0119 tam i robotnice rozpoczynaj\u0105 budow\u0119 plastr\u00f3w. Wraz z pojawieniem si\u0119 w nowym gnie\u017adzie czerwiu i zapas\u00f3w, r\u00f3j przekszta\u0142ca si\u0119 w rodzin\u0119 pszczel\u0105.<\/p>\n<p>Pszczo\u0142y to nie jedyne owady jakie mo\u017cna zaobserwowa\u0107 trakcie zwiedzania zamku. Dla zwi\u0119kszenia lokalnej r\u00f3\u017cnorodno\u015bci biologicznej, a tak\u017ce w celach edukacyjnych umieszczono na terenie zamku, w bliskim s\u0105siedztwie park\u00f3w miejskich hotel dla owad\u00f3w. Konstrukcja ta pozwala na zapoznanie si\u0119 cho\u0107 z cz\u0119\u015bci\u0105 reprezentant\u00f3w rodzimej entomofauny.<\/p>\t\t\t\t\t\t\t\t<\/div>\n\t\t\t\t<div class=\"elementor-element elementor-element-0cccb4f elementor-widget elementor-widget-heading\" data-id=\"0cccb4f\" data-element_type=\"widget\" data-e-type=\"widget\" data-widget_type=\"heading.default\">\n\t\t\t\t\t<h3 class=\"elementor-heading-title elementor-size-default\">Hotel dla owad\u00f3w<\/h3>\t\t\t\t<\/div>\n\t\t\t\t<div class=\"elementor-element elementor-element-bed25c1 elementor-widget elementor-widget-text-editor\" data-id=\"bed25c1\" data-element_type=\"widget\" data-e-type=\"widget\" data-widget_type=\"text-editor.default\">\n\t\t\t\t\t\t\t\t\t<p>Hotele dla owad\u00f3w to konstrukcja zapewniaj\u0105ca r\u00f3\u017cnym gatunkom bezkr\u0119gowc\u00f3w schronienie i mo\u017cliwo\u015b\u0107 budowy gniazd. Kszta\u0142t, u\u017cyte materia\u0142y i rozmiary budowli zale\u017c\u0105 od jej celu i wymaga\u0144 owad\u00f3w, kt\u00f3re maj\u0105 j\u0105 zasiedli\u0107. Najcz\u0119stszych mieszka\u0144c\u00f3w stanowi szereg gatunk\u00f3w samotnych pszcz\u00f3\u0142 (np. miesierki, murarki, porobnice) i os (np. kopu\u0142kowate). \u017b\u0105d\u0142\u00f3wki te, w przeciwie\u0144stwie do owad\u00f3w spo\u0142ecznych (np. pszczo\u0142a miodna, szerszenie), nie \u017cyj\u0105 w rodzinach sk\u0142adaj\u0105cych si\u0119 z kr\u00f3lowej i robotnic, lecz ka\u017cda samica zak\u0142ada w\u0142asne gniazdo. Do niego znoszone jest po\u017cywienie i sk\u0142adane s\u0105 jaja, po czym samica ginie. Hotele dla owad\u00f3w mo\u017ce pe\u0142ni\u0107 tak\u017ce rol\u0119 schronienia na czas hibernacji dla biedronek i motyli, czy miejscem ukrycia niekt\u00f3rych owad\u00f3w drapie\u017cnych (np. skorki i z\u0142otooki).<\/p>\t\t\t\t\t\t\t\t<\/div>\n\t\t\t\t<div class=\"elementor-element elementor-element-b5a1192 elementor-widget elementor-widget-image\" data-id=\"b5a1192\" data-element_type=\"widget\" data-e-type=\"widget\" data-widget_type=\"image.default\">\n\t\t\t\t\t\t\t\t\t\t\t\t\t\t\t<img decoding=\"async\" width=\"762\" height=\"1000\" src=\"https:\/\/www.brodnica.pl\/muzeumwbrodnicy\/wp-content\/uploads\/2025\/03\/owady.webp\" class=\"attachment-large size-large wp-image-16268\" alt=\"Owady\" srcset=\"https:\/\/www.brodnica.pl\/muzeumwbrodnicy\/wp-content\/uploads\/2025\/03\/owady.webp 762w, https:\/\/www.brodnica.pl\/muzeumwbrodnicy\/wp-content\/uploads\/2025\/03\/owady-488x640.webp 488w, https:\/\/www.brodnica.pl\/muzeumwbrodnicy\/wp-content\/uploads\/2025\/03\/owady-145x190.webp 145w\" sizes=\"(max-width: 762px) 100vw, 762px\" \/>\t\t\t\t\t\t\t\t\t\t\t\t\t\t\t<\/div>\n\t\t\t\t<\/div>\n\t\t\t\t<div class=\"elementor-element elementor-element-7043231 elementor-widget__width-initial elementor-widget-tablet__width-inherit elementor-widget elementor-widget-image\" data-id=\"7043231\" data-element_type=\"widget\" data-e-type=\"widget\" data-widget_type=\"image.default\">\n\t\t\t\t\t\t\t\t\t\t\t\t\t\t\t<img loading=\"lazy\" decoding=\"async\" width=\"768\" height=\"2588\" src=\"https:\/\/www.brodnica.pl\/muzeumwbrodnicy\/wp-content\/uploads\/2024\/12\/podstr5_3-768x2588.jpg\" class=\"attachment-medium_large size-medium_large wp-image-6722\" alt=\"\" srcset=\"https:\/\/www.brodnica.pl\/muzeumwbrodnicy\/wp-content\/uploads\/2024\/12\/podstr5_3-768x2588.jpg 768w, https:\/\/www.brodnica.pl\/muzeumwbrodnicy\/wp-content\/uploads\/2024\/12\/podstr5_3-190x640.jpg 190w, https:\/\/www.brodnica.pl\/muzeumwbrodnicy\/wp-content\/uploads\/2024\/12\/podstr5_3-475x1600.jpg 475w, https:\/\/www.brodnica.pl\/muzeumwbrodnicy\/wp-content\/uploads\/2024\/12\/podstr5_3-56x190.jpg 56w, https:\/\/www.brodnica.pl\/muzeumwbrodnicy\/wp-content\/uploads\/2024\/12\/podstr5_3-456x1536.jpg 456w, https:\/\/www.brodnica.pl\/muzeumwbrodnicy\/wp-content\/uploads\/2024\/12\/podstr5_3-608x2048.jpg 608w, https:\/\/www.brodnica.pl\/muzeumwbrodnicy\/wp-content\/uploads\/2024\/12\/podstr5_3-624x2103.jpg 624w, https:\/\/www.brodnica.pl\/muzeumwbrodnicy\/wp-content\/uploads\/2024\/12\/podstr5_3-scaled.jpg 760w\" sizes=\"(max-width: 768px) 100vw, 768px\" \/>\t\t\t\t\t\t\t\t\t\t\t\t\t\t\t<\/div>\n\t\t\t\t<\/div>\n\t\t\t\t<div class=\"elementor-element elementor-element-b348012 elementor-widget elementor-widget-text-editor\" data-id=\"b348012\" data-element_type=\"widget\" data-e-type=\"widget\" data-widget_type=\"text-editor.default\">\n\t\t\t\t\t\t\t\t\t<p>Budowanie i stawianie hoteli dla owad\u00f3w wraz z wprowadzaniem gatunk\u00f3w ro\u015blin miododajnych, to przyk\u0142ad czynnej ochrony przyrody, maj\u0105cej na celu zachowanie i zwi\u0119kszenie lokalnej r\u00f3\u017cnorodno\u015bci biologicznej. W ten spos\u00f3b cz\u0142owiek chocia\u017c w niewielkim stopniu rekompensuje przyrodzie straty, jakie wyrz\u0105dzi\u0142 dostosowuj\u0105c do siebie \u015brodowisko. Stawiane hotele to tzw. miejsca ostojowe, bez kt\u00f3rych cz\u0119\u015b\u0107 gatunk\u00f3w nie mia\u0142aby w mie\u015bcie miejsc do spokojnego \u017cycia. Innymi przyk\u0142adami tego typu dzia\u0142a\u0144 jest:<\/p>\n<ul>\n<li>zak\u0142adanie budek l\u0119gowych dla ptak\u00f3w,<\/li>\n<li>zak\u0142adanie schron\u00f3w dla nietoperzy,<\/li>\n<li>usypywanie kopc\u00f3w z kamieni lub tworzenie skalnik\u00f3wdla gad\u00f3w,<\/li>\n<li>pozostawianie sterty li\u015bci jako schronienia dla je\u017cy,<\/li>\n<li>pozostawianie martwego drzew, a\u017c do jego naturalnego roz\u0142o\u017cenia jako siedliska dla wielu<\/li>\n<li>bezkr\u0119gowc\u00f3w i grzyb\u00f3w.<\/li>\n<\/ul>\t\t\t\t\t\t\t\t<\/div>\n\t\t\t\t<div class=\"elementor-element elementor-element-a1de7ec elementor-widget elementor-widget-image\" data-id=\"a1de7ec\" data-element_type=\"widget\" data-e-type=\"widget\" data-widget_type=\"image.default\">\n\t\t\t\t\t\t\t\t\t\t\t\t\t\t\t<img loading=\"lazy\" decoding=\"async\" width=\"800\" height=\"1359\" src=\"https:\/\/www.brodnica.pl\/muzeumwbrodnicy\/wp-content\/uploads\/2024\/12\/podstr5_4.jpg\" class=\"attachment-large size-large wp-image-6723\" alt=\"\" srcset=\"https:\/\/www.brodnica.pl\/muzeumwbrodnicy\/wp-content\/uploads\/2024\/12\/podstr5_4.jpg 837w, https:\/\/www.brodnica.pl\/muzeumwbrodnicy\/wp-content\/uploads\/2024\/12\/podstr5_4-377x640.jpg 377w, https:\/\/www.brodnica.pl\/muzeumwbrodnicy\/wp-content\/uploads\/2024\/12\/podstr5_4-112x190.jpg 112w, https:\/\/www.brodnica.pl\/muzeumwbrodnicy\/wp-content\/uploads\/2024\/12\/podstr5_4-768x1305.jpg 768w, https:\/\/www.brodnica.pl\/muzeumwbrodnicy\/wp-content\/uploads\/2024\/12\/podstr5_4-624x1060.jpg 624w\" sizes=\"(max-width: 800px) 100vw, 800px\" \/>\t\t\t\t\t\t\t\t\t\t\t\t\t\t\t<\/div>\n\t\t\t\t\t<\/div>\n\t\t\t\t<\/div>\n\t\t\t\t<\/div>\n\t\t","protected":false},"excerpt":{"rendered":"<p>Pozosta\u0142o\u015bci brodnickiego zamku, pr\u00f3cz bycia niew\u0105tpliw\u0105 atrakcja turystyczn\u0105 i miejscem dzia\u0142alno\u015bci Muzeum, s\u0105 tak\u017ce schronieniem i siedliskiem dla gatunk\u00f3w zwierz\u0105t. Mo\u017cna je zaobserwowa\u0107 podczas spokojnego zwiedzania i tym samym, po\u0142\u0105czy\u0107 zami\u0142owanie do historii z lokaln\u0105 przyrod\u0105. Wbrew pozorom opuszczony przez krzy\u017cak\u00f3w zamek to miejsce t\u0119tni\u0105ce \u017cyciem. Gatunki zwierz\u0105t, kt\u00f3re przystosowa\u0142y si\u0119 do \u017cycia w \u015brodowisku [&hellip;]<\/p>\n","protected":false},"author":4,"featured_media":0,"parent":6687,"menu_order":0,"comment_status":"closed","ping_status":"closed","template":"","meta":{"footnotes":""},"class_list":["post-6658","page","type-page","status-publish","hentry"],"jetpack_sharing_enabled":true,"_links":{"self":[{"href":"https:\/\/www.brodnica.pl\/muzeumwbrodnicy\/wp-json\/wp\/v2\/pages\/6658","targetHints":{"allow":["GET"]}}],"collection":[{"href":"https:\/\/www.brodnica.pl\/muzeumwbrodnicy\/wp-json\/wp\/v2\/pages"}],"about":[{"href":"https:\/\/www.brodnica.pl\/muzeumwbrodnicy\/wp-json\/wp\/v2\/types\/page"}],"author":[{"embeddable":true,"href":"https:\/\/www.brodnica.pl\/muzeumwbrodnicy\/wp-json\/wp\/v2\/users\/4"}],"replies":[{"embeddable":true,"href":"https:\/\/www.brodnica.pl\/muzeumwbrodnicy\/wp-json\/wp\/v2\/comments?post=6658"}],"version-history":[{"count":6,"href":"https:\/\/www.brodnica.pl\/muzeumwbrodnicy\/wp-json\/wp\/v2\/pages\/6658\/revisions"}],"predecessor-version":[{"id":16274,"href":"https:\/\/www.brodnica.pl\/muzeumwbrodnicy\/wp-json\/wp\/v2\/pages\/6658\/revisions\/16274"}],"up":[{"embeddable":true,"href":"https:\/\/www.brodnica.pl\/muzeumwbrodnicy\/wp-json\/wp\/v2\/pages\/6687"}],"wp:attachment":[{"href":"https:\/\/www.brodnica.pl\/muzeumwbrodnicy\/wp-json\/wp\/v2\/media?parent=6658"}],"curies":[{"name":"wp","href":"https:\/\/api.w.org\/{rel}","templated":true}]}}